{"id":343,"date":"2020-12-07T11:50:24","date_gmt":"2020-12-07T10:50:24","guid":{"rendered":"http:\/\/rozwoj.amu.edu.pl\/?page_id=343"},"modified":"2025-12-15T10:32:24","modified_gmt":"2025-12-15T09:32:24","slug":"zespol-wer-2","status":"publish","type":"page","link":"http:\/\/labriu-rozwoj.home.amu.edu.pl\/?page_id=343","title":{"rendered":"Zesp\u00f3\u0142"},"content":{"rendered":"\n<div class=\"is-layout-flex wp-container-3 wp-block-columns\">\n<div class=\"is-layout-flow wp-block-column\" style=\"flex-basis:33.33%\">\n<p><mark style=\"background-color:rgba(0, 0, 0, 0)\" class=\"has-inline-color has-black-color\"><strong>Appelt Karolina<\/strong>, dr<\/mark><\/p>\n<\/div>\n\n\n\n<div class=\"is-layout-flow wp-block-column\" style=\"flex-basis:66.66%\">\n<p><mark style=\"background-color:rgba(0, 0, 0, 0)\" class=\"has-inline-color has-black-color\">e-mail: <em>karolina.appelt [at] amu.edu.pl<\/em><\/mark><br><a rel=\"noreferrer noopener\" href=\"https:\/\/researchportal.amu.edu.pl\/info\/author\/UAM107152\/\" target=\"_blank\">spis publikacji i aktywno\u015bci<\/a><mark style=\"background-color:rgba(0, 0, 0, 0)\" class=\"has-inline-color has-black-color\">, <a rel=\"noreferrer noopener\" href=\"https:\/\/psychologia.amu.edu.pl\/o-wydziale\/lista-pracownikow\" target=\"_blank\">dy\u017cury<\/a><\/mark><br><mark style=\"background-color:rgba(0, 0, 0, 0)\" class=\"has-inline-color has-black-color\">wi\u0119cej informacji:<\/mark> <a itemprop=\"sameAs\" content=\"https:\/\/orcid.org\/0000-0002-6351-1479\" rel=\"me noopener noreferrer\" style=\"vertical-align:top;\" href=\"https:\/\/orcid.org\/0000-0003-3106-8959\" target=\"orcid.widget\"><img decoding=\"async\" style=\"width:1em;margin-right:.5em;\" src=\"https:\/\/orcid.org\/sites\/default\/files\/images\/orcid_16x16.png\" alt=\"ORCID iD icon\">https:\/\/orcid.org\/0000-0003-3106-8959<\/a><\/p>\n<\/div>\n<\/div>\n\n\n\n<div class=\"is-layout-flex wp-container-6 wp-block-columns\">\n<div class=\"is-layout-flow wp-block-column\" style=\"flex-basis:33.33%\">\n<p><mark style=\"background-color:rgba(0, 0, 0, 0)\" class=\"has-inline-color has-black-color\"><strong>Bakiera Lucyna<\/strong>,<br>prof. UAM dr hab<\/mark><\/p>\n<\/div>\n\n\n\n<div class=\"is-layout-flow wp-block-column\" style=\"flex-basis:66.66%\">\n<p><mark style=\"background-color:rgba(0, 0, 0, 0)\" class=\"has-inline-color has-black-color\">e-mail: <em>lucyna.bakiera [at] amu.edu.pl<\/em><\/mark><br><a rel=\"noreferrer noopener\" href=\"https:\/\/researchportal.amu.edu.pl\/info\/author\/UAM72348\/\" target=\"_blank\">spis publikacji i aktywno\u015bci<\/a><mark style=\"background-color:rgba(0, 0, 0, 0)\" class=\"has-inline-color has-black-color\">, <a rel=\"noreferrer noopener\" href=\"https:\/\/psychologia.amu.edu.pl\/o-wydziale\/lista-pracownikow\" target=\"_blank\">dy\u017cury<\/a><\/mark><br><mark style=\"background-color:rgba(0, 0, 0, 0)\" class=\"has-inline-color has-black-color\">wi\u0119cej informacji:<\/mark> <a href=\"https:\/\/orcid.org\/0000-0003-4559-0430\"><img decoding=\"async\" style=\"width:1em;margin-right:.5em;\" src=\"https:\/\/orcid.org\/sites\/default\/files\/images\/orcid_16x16.png\" alt=\"ORCID iD icon\">https:\/\/orcid.org\/0000-0003-4559-0430<\/a><\/p>\n<\/div>\n<\/div>\n\n\n\n<div class=\"is-layout-flex wp-container-9 wp-block-columns\">\n<div class=\"is-layout-flow wp-block-column\" style=\"flex-basis:33.33%\">\n<p><mark style=\"background-color:rgba(0, 0, 0, 0)\" class=\"has-inline-color has-black-color\"><strong>Br\u0119\u0144ski Szymon<\/strong>, dr<\/mark><\/p>\n<\/div>\n\n\n\n<div class=\"is-layout-flow wp-block-column\" style=\"flex-basis:66.66%\">\n<p><mark style=\"background-color:rgba(0, 0, 0, 0)\" class=\"has-inline-color has-black-color\">e-mail: <em>szymon.brenski [at] amu.edu.pl<\/em><br><a rel=\"noreferrer noopener\" href=\"https:\/\/researchportal.amu.edu.pl\/info\/author\/UAM210941\/\" target=\"_blank\">spis publikacji i aktywno\u015bci<\/a>, <a rel=\"noreferrer noopener\" href=\"https:\/\/psychologia.amu.edu.pl\/o-wydziale\/lista-pracownikow\" target=\"_blank\">dy\u017cury<\/a><br>wi\u0119cej informacji: <\/mark> <a href=\"https:\/\/orcid.org\/0000-0002-2530-804X\"><img decoding=\"async\" style=\"width:1em;margin-right:.5em;\" src=\"https:\/\/orcid.org\/sites\/default\/files\/images\/orcid_16x16.png\" alt=\"ORCID iD icon\">https:\/\/orcid.org\/0000-0002-2530-804X<\/a><\/p>\n<\/div>\n<\/div>\n\n\n\n<div class=\"is-layout-flex wp-container-12 wp-block-columns\">\n<div class=\"is-layout-flow wp-block-column\" style=\"flex-basis:33.33%\">\n<p><mark style=\"background-color:rgba(0, 0, 0, 0)\" class=\"has-inline-color has-black-color\"><strong>Brzezi\u0144ska Anna Izabela<\/strong>,<\/mark>       <mark style=\"background-color:rgba(0, 0, 0, 0)\" class=\"has-inline-color has-black-color\">prof. dr hab.<\/mark><\/p>\n<\/div>\n\n\n\n<div class=\"is-layout-flow wp-block-column\" style=\"flex-basis:66.66%\">\n<p><mark style=\"background-color:rgba(0, 0, 0, 0)\" class=\"has-inline-color has-black-color\">e-mail: <em>anna.brzezinska [at] amu.edu.pl<\/em><br><a rel=\"noreferrer noopener\" href=\"https:\/\/researchportal.amu.edu.pl\/info\/author\/UAM29122\/\" target=\"_blank\">spis publikacji i aktywno\u015bci<\/a>, <a rel=\"noreferrer noopener\" href=\"https:\/\/psychologia.amu.edu.pl\/o-wydziale\/lista-pracownikow\" target=\"_blank\">dy\u017cury<\/a><br>wi\u0119cej informacji: ORCID ID<\/mark><\/p>\n<\/div>\n<\/div>\n\n\n\n<div class=\"is-layout-flex wp-container-15 wp-block-columns\">\n<div class=\"is-layout-flow wp-block-column\" style=\"flex-basis:33.33%\">\n<p class=\"has-black-color has-text-color\"><strong>Budzicz-<mark style=\"background-color:rgba(0, 0, 0, 0)\" class=\"has-inline-color has-black-color\">R\u0119kosi<\/mark><\/strong><mark style=\"background-color:rgba(0, 0, 0, 0)\" class=\"has-inline-color has-black-color\"><strong>ewicz Ma\u0142gorzata<\/strong>, dr<\/mark><\/p>\n<\/div>\n\n\n\n<div class=\"is-layout-flow wp-block-column\" style=\"flex-basis:66.66%\">\n<p><mark style=\"background-color:rgba(0, 0, 0, 0)\" class=\"has-inline-color has-black-color\">e-mail: <em>malgorzata.rekosiewicz [at] amu.edu.pl<\/em><\/mark><br><a rel=\"noreferrer noopener\" href=\"https:\/\/researchportal.amu.edu.pl\/info\/author\/UAM201047\/\" target=\"_blank\">spis publikacji i aktywno\u015bci<\/a><mark style=\"background-color:rgba(0, 0, 0, 0)\" class=\"has-inline-color has-black-color\">, <a rel=\"noreferrer noopener\" href=\"https:\/\/psychologia.amu.edu.pl\/o-wydziale\/lista-pracownikow\" target=\"_blank\">dy\u017cury<\/a><\/mark><\/p>\n\n\n\n<p><mark style=\"background-color:rgba(0, 0, 0, 0)\" class=\"has-inline-color has-black-color\">wi\u0119cej informacji:<\/mark> <a itemprop=\"sameAs\" content=\"https:\/\/orcid.org\/0000-0002-3950-0649\" rel=\"me noopener noreferrer\" style=\"vertical-align:top;\" href=\"https:\/\/orcid.org\/0000-0002-3950-0649\" target=\"orcid.widget\"><img decoding=\"async\" style=\"width:1em;margin-right:.5em;\" src=\"https:\/\/orcid.org\/sites\/default\/files\/images\/orcid_16x16.png\" alt=\"ORCID iD icon\">https:\/\/orcid.org\/0000-0002-3950-0649<\/a><\/p>\n<\/div>\n<\/div>\n\n\n\n<div class=\"is-layout-flex wp-container-20 wp-block-columns\">\n<div class=\"is-layout-flow wp-block-column\" style=\"flex-basis:100%\">\n<div class=\"is-layout-flex wp-container-18 wp-block-columns\">\n<div class=\"is-layout-flow wp-block-column is-vertically-aligned-top\" style=\"flex-basis:33.33%\">\n<p><mark style=\"background-color:rgba(0, 0, 0, 0)\" class=\"has-inline-color has-black-color\"><strong>Ciesielski Pawe\u0142<\/strong>, dr<\/mark><\/p>\n<\/div>\n\n\n\n<div class=\"is-layout-flow wp-block-column is-vertically-aligned-top\" style=\"flex-basis:66.66%\">\n<p> <mark style=\"background-color:rgba(0, 0, 0, 0)\" class=\"has-inline-color has-black-color\">e-mail: <em>pawel.ciesielski [at] amu.edu.pl<\/em><br><a rel=\"noreferrer noopener\" href=\"https:\/\/researchportal.amu.edu.pl\/info\/author\/UAM0eb606542fff4b4b8829177cca2327df\/\" target=\"_blank\">spis publikacji i aktywno\u015bci<\/a>, <a rel=\"noreferrer noopener\" href=\"https:\/\/psychologia.amu.edu.pl\/o-wydziale\/lista-pracownikow\" target=\"_blank\">dy\u017cury<\/a><br>wi\u0119cej informacji: <\/mark> <a href=\"https:\/\/orcid.org\/0000-0002-2022-2706\"><img decoding=\"async\" style=\"width:1em;margin-right:.5em;\" src=\"https:\/\/orcid.org\/sites\/default\/files\/images\/orcid_16x16.png\" alt=\"ORCID iD icon\">https:\/\/orcid.org\/0000-0002-2022-2706<\/a><\/p>\n<\/div>\n<\/div>\n<\/div>\n<\/div>\n\n\n\n<div class=\"is-layout-flex wp-container-23 wp-block-columns\">\n<div class=\"is-layout-flow wp-block-column\" style=\"flex-basis:33.33%\">\n<p><mark style=\"background-color:rgba(0, 0, 0, 0)\" class=\"has-inline-color has-black-color\"><strong>Czub Tomasz<\/strong>, dr<\/mark><\/p>\n<\/div>\n\n\n\n<div class=\"is-layout-flow wp-block-column\" style=\"flex-basis:66.66%\">\n<p><mark style=\"background-color:rgba(0, 0, 0, 0)\" class=\"has-inline-color has-black-color\">e-mail: <em>tczub [at] amu.edu.pl<\/em><br><\/mark><a rel=\"noreferrer noopener\" href=\"https:\/\/researchportal.amu.edu.pl\/info\/author\/UAM52469\/\" target=\"_blank\">spis publikacji i aktywno\u015bci<\/a><mark style=\"background-color:rgba(0, 0, 0, 0)\" class=\"has-inline-color has-black-color\">, <a rel=\"noreferrer noopener\" href=\"https:\/\/psychologia.amu.edu.pl\/o-wydziale\/lista-pracownikow\" target=\"_blank\">dy\u017cury<\/a><br>wi\u0119cej informacji: <\/mark> <a href=\"https:\/\/orcid.org\/0000-0003-0569-1595\"><img decoding=\"async\" style=\"width:1em;margin-right:.5em;\" src=\"https:\/\/orcid.org\/sites\/default\/files\/images\/orcid_16x16.png\" alt=\"ORCID iD icon\">https:\/\/orcid.org\/0000-0003-0569-1595<\/a><\/p>\n<\/div>\n<\/div>\n\n\n\n<div class=\"is-layout-flex wp-container-26 wp-block-columns\">\n<div class=\"is-layout-flow wp-block-column\" style=\"flex-basis:33.33%\">\n<p><mark style=\"background-color:rgba(0, 0, 0, 0)\" class=\"has-inline-color has-black-color\"><strong>Jab\u0142o\u0144ski S\u0142awomir<\/strong>, dr<\/mark><\/p>\n<\/div>\n\n\n\n<div class=\"is-layout-flow wp-block-column\" style=\"flex-basis:66.66%\">\n<p><mark style=\"background-color:rgba(0, 0, 0, 0)\" class=\"has-inline-color has-black-color\">e-mail: <em>slawomir.jablonski [at] amu.edu.pl<\/em><br><a rel=\"noreferrer noopener\" href=\"https:\/\/researchportal.amu.edu.pl\/info\/author\/UAM94711\/\" target=\"_blank\">spis publikacji i aktywno\u015bci<\/a>, <a rel=\"noreferrer noopener\" href=\"https:\/\/psychologia.amu.edu.pl\/o-wydziale\/lista-pracownikow\" data-type=\"URL\" data-id=\"https:\/\/psychologia.amu.edu.pl\/o-wydziale\/lista-pracownikow\" target=\"_blank\">dy\u017cury<\/a><br>wi\u0119cej informacji: <a itemprop=\"sameAs\" content=\"https:\/\/orcid.org\/0000-0002-6351-1479\" rel=\"me noopener noreferrer\" style=\"vertical-align:top;\" href=\"https:\/\/orcid.org\/0000-0002-6351-1479\" target=\"orcid.widget\"><img decoding=\"async\" style=\"width:1em;margin-right:.5em;\" src=\"https:\/\/orcid.org\/sites\/default\/files\/images\/orcid_16x16.png\" alt=\"ORCID iD icon\">https:\/\/orcid.org\/0000-0002-6351-1479<\/a><\/mark><\/p>\n<\/div>\n<\/div>\n\n\n\n<div class=\"is-layout-flex wp-container-29 wp-block-columns\">\n<div class=\"is-layout-flow wp-block-column\" style=\"flex-basis:33.33%\">\n<p><mark style=\"background-color:rgba(0, 0, 0, 0)\" class=\"has-inline-color has-black-color\"><strong>Kamisznikow Agnieszka<\/strong>, dr<\/mark><\/p>\n<\/div>\n\n\n\n<div class=\"is-layout-flow wp-block-column\" style=\"flex-basis:66.66%\">\n<p><mark style=\"background-color:rgba(0, 0, 0, 0)\" class=\"has-inline-color has-black-color\">e-mail: <em>kamisz [at] amu.edu.pl<\/em><br><a rel=\"noreferrer noopener\" href=\"https:\/\/researchportal.amu.edu.pl\/info\/author\/UAM101192\/\" target=\"_blank\">spis publikacji i aktywno\u015bci<\/a>, <a rel=\"noreferrer noopener\" href=\"https:\/\/psychologia.amu.edu.pl\/o-wydziale\/lista-pracownikow\" target=\"_blank\">dy\u017cury<\/a><\/mark><\/p>\n<\/div>\n<\/div>\n\n\n\n<div class=\"is-layout-flex wp-container-32 wp-block-columns\">\n<div class=\"is-layout-flow wp-block-column\" style=\"flex-basis:33.33%\">\n<p class=\"has-black-color has-text-color\"><strong>Ko\u015bnik Konrad<\/strong><mark style=\"background-color:rgba(0, 0, 0, 0)\" class=\"has-inline-color has-black-color\">, mgr<\/mark><\/p>\n<\/div>\n\n\n\n<div class=\"is-layout-flow wp-block-column\" style=\"flex-basis:66.66%\">\n<p><mark style=\"background-color:rgba(0, 0, 0, 0)\" class=\"has-inline-color has-black-color\">e-mail: <em>konrad.kosnik [at] amu.edu.pl<\/em><\/mark><br><a rel=\"noreferrer noopener\" href=\"https:\/\/researchportal.amu.edu.pl\/info\/author\/UAM220280\/\" target=\"_blank\">spis publikacji i aktywno\u015bci<\/a><mark style=\"background-color:rgba(0, 0, 0, 0)\" class=\"has-inline-color has-black-color\">, <a rel=\"noreferrer noopener\" href=\"https:\/\/psychologia.amu.edu.pl\/o-wydziale\/lista-pracownikow\" target=\"_blank\">dy\u017cury<\/a><\/mark><br><mark style=\"background-color:rgba(0, 0, 0, 0)\" class=\"has-inline-color has-black-color\">wi\u0119cej informacji:<\/mark> <a href=\"https:\/\/orcid.org\/0000-0001-6836-3121\"><img decoding=\"async\" style=\"width:1em;margin-right:.5em;\" src=\"https:\/\/orcid.org\/sites\/default\/files\/images\/orcid_16x16.png\" alt=\"ORCID iD icon\">https:\/\/orcid.org\/0000-0001-6836-3121<\/a><\/p>\n<\/div>\n<\/div>\n\n\n\n<div class=\"is-layout-flex wp-container-35 wp-block-columns\">\n<div class=\"is-layout-flow wp-block-column\" style=\"flex-basis:33.33%\">\n<p><mark style=\"background-color:rgba(0, 0, 0, 0)\" class=\"has-inline-color has-black-color\"><strong>Matejczuk Joanna<\/strong>, dr<\/mark><\/p>\n<\/div>\n\n\n\n<div class=\"is-layout-flow wp-block-column\" style=\"flex-basis:66.66%\">\n<p><mark style=\"background-color:rgba(0, 0, 0, 0)\" class=\"has-inline-color has-black-color\">e-mail: <em>joanna.matejczuk [at] amu.edu.pl<\/em><br><a rel=\"noreferrer noopener\" href=\"https:\/\/researchportal.amu.edu.pl\/info\/author\/UAM116853\/\" target=\"_blank\">spis publikacji i aktywno\u015bci<\/a>, <a rel=\"noreferrer noopener\" href=\"https:\/\/psychologia.amu.edu.pl\/o-wydziale\/lista-pracownikow\" target=\"_blank\">dy\u017cury<\/a><\/mark><\/p>\n<\/div>\n<\/div>\n\n\n\n<div class=\"is-layout-flex wp-container-38 wp-block-columns\">\n<div class=\"is-layout-flow wp-block-column\" style=\"flex-basis:33.33%\">\n<p><mark style=\"background-color:rgba(0, 0, 0, 0)\" class=\"has-inline-color has-black-color\"><strong>Pe\u0142ka Aneta<\/strong>, mgr<\/mark><\/p>\n<\/div>\n\n\n\n<div class=\"is-layout-flow wp-block-column\" style=\"flex-basis:66.66%\">\n<p><mark><mark style=\"background-color:#ffffff\" class=\"has-inline-color\">e-mail: <em>aneta.pelka [at] amu.edu.pl<\/em><br><a rel=\"noreferrer noopener\" href=\"https:\/\/researchportal.amu.edu.pl\/info\/author\/UAM2ece9c288b3748ed88ba8dbb99e99123\/\" target=\"_blank\">spis publikacji i aktywno\u015bci<\/a>, <a rel=\"noreferrer noopener\" href=\"https:\/\/psychologia.amu.edu.pl\/o-wydziale\/lista-pracownikow\" target=\"_blank\">dy\u017cury<\/a><br>wi\u0119cej informacji: <a itemprop=\"sameAs\" content=\"https:\/\/orcid.org\/0009-0006-1631-0152\" rel=\"me noopener noreferrer\" style=\"vertical-align:top;\" href=\"https:\/\/orcid.org\/0009-0006-1631-0152\" target=\"orcid.widget\"><img decoding=\"async\" style=\"width:1em;margin-right:.5em;\" src=\"https:\/\/orcid.org\/sites\/default\/files\/images\/orcid_16x16.png\" alt=\"ORCID iD icon\">https:\/\/orcid.org\/0009-0006-1631-0152<\/a><\/mark><\/mark><\/p>\n<\/div>\n<\/div>\n\n\n\n<div class=\"is-layout-flex wp-container-41 wp-block-columns\">\n<div class=\"is-layout-flow wp-block-column\" style=\"flex-basis:33.33%\">\n<p><mark style=\"background-color:rgba(0, 0, 0, 0)\" class=\"has-inline-color has-black-color\"><strong>Smykowski B\u0142a\u017cej<\/strong>,<br>prof. UAM dr hab., kierownik Zak\u0142adu<\/mark><\/p>\n<\/div>\n\n\n\n<div class=\"is-layout-flow wp-block-column\" style=\"flex-basis:66.66%\">\n<p><mark style=\"background-color:rgba(0, 0, 0, 0)\" class=\"has-inline-color has-black-color\">e-mail: <em>blazej.smykowski [at] amu.edu.pl<\/em><br><a rel=\"noreferrer noopener\" href=\"https:\/\/researchportal.amu.edu.pl\/info\/author\/UAM51626\/\" target=\"_blank\">spis publikacji i aktywno\u015bci<\/a>, <a rel=\"noreferrer noopener\" href=\"https:\/\/psychologia.amu.edu.pl\/o-wydziale\/lista-pracownikow\" target=\"_blank\">dy\u017cury<\/a><br>wi\u0119cej informacji:<\/mark> <a itemprop=\"sameAs\" content=\"https:\/\/orcid.org\/0000-0001-7231-2159\" rel=\"me noopener noreferrer\" style=\"vertical-align:top;\" href=\"https:\/\/orcid.org\/0000-0001-7231-2159\" target=\"orcid.widget\"><img decoding=\"async\" style=\"width:1em;margin-right:.5em;\" src=\"https:\/\/orcid.org\/sites\/default\/files\/images\/orcid_16x16.png\" alt=\"ORCID iD icon\">https:\/\/orcid.org\/0000-0001-7231-2159<\/a><\/p>\n<\/div>\n<\/div>\n\n\n\n<div class=\"is-layout-flex wp-container-44 wp-block-columns\">\n<div class=\"is-layout-flow wp-block-column\" style=\"flex-basis:33.33%\">\n<p><mark style=\"background-color:rgba(0, 0, 0, 0)\" class=\"has-inline-color has-black-color\"><strong>Stankowska-Mazur Izabela<\/strong>, dr<\/mark><\/p>\n<\/div>\n\n\n\n<div class=\"is-layout-flow wp-block-column\" style=\"flex-basis:66.66%\">\n<p><mark style=\"background-color:rgba(0, 0, 0, 0)\" class=\"has-inline-color has-black-color\">e-mail: <em>izabela.stankowska [at] amu.edu.pl<\/em><br><a rel=\"noreferrer noopener\" href=\"https:\/\/researchportal.amu.edu.pl\/info\/author\/UAM191008\/\" target=\"_blank\">spis publikacji i aktywno\u015bci<\/a>, <a rel=\"noreferrer noopener\" href=\"https:\/\/psychologia.amu.edu.pl\/o-wydziale\/lista-pracownikow\" target=\"_blank\">dy\u017cury<\/a>,<br>wi\u0119cej informacji:<\/mark> <a itemprop=\"sameAs\" content=\"https:\/\/orcid.org\/0000-0002-6216-9149\" rel=\"me noopener noreferrer\" style=\"vertical-align:top;\" href=\"https:\/\/orcid.org\/0000-0002-6216-9149\" target=\"orcid.widget\"><img decoding=\"async\" style=\"width:1em;margin-right:.5em;\" src=\"https:\/\/orcid.org\/sites\/default\/files\/images\/orcid_16x16.png\" alt=\"ORCID iD icon\">https:\/\/orcid.org\/0000-0002-6216-9149<\/a><\/p>\n<\/div>\n<\/div>\n\n\n\n<div class=\"is-layout-flex wp-container-47 wp-block-columns\">\n<div class=\"is-layout-flow wp-block-column\" style=\"flex-basis:33.33%\">\n<p><mark style=\"background-color:rgba(0, 0, 0, 0)\" class=\"has-inline-color has-black-color\"><strong>Wojciechowska Julita<\/strong>, dr<\/mark><\/p>\n<\/div>\n\n\n\n<div class=\"is-layout-flow wp-block-column\" style=\"flex-basis:66.66%\">\n<p><mark style=\"background-color:rgba(0, 0, 0, 0)\" class=\"has-inline-color has-black-color\">e-mail: <em>julita.wojciechowska<\/em> [at] <em>amu.edu.pl<\/em><br><a rel=\"noreferrer noopener\" href=\"https:\/\/researchportal.amu.edu.pl\/info\/author\/UAM100205\/\" target=\"_blank\">spis publikacji i aktywno\u015bci<\/a>, <a rel=\"noreferrer noopener\" href=\"https:\/\/psychologia.amu.edu.pl\/o-wydziale\/lista-pracownikow\" target=\"_blank\">dy\u017cury<\/a>,<br>wi\u0119cej informacji:<\/mark> <a href=\"https:\/\/orcid.org\/0000-0003-1678-3954\"><img decoding=\"async\" style=\"width:1em;margin-right:.5em;\" src=\"https:\/\/orcid.org\/sites\/default\/files\/images\/orcid_16x16.png\" alt=\"ORCID iD icon\">https:\/\/orcid.org\/0000-0003-1678-3954<\/a><\/p>\n<\/div>\n<\/div>\n\n\n\n<p><\/p>\n","protected":false},"excerpt":{"rendered":"<p>Appelt Karolina, dr e-mail: karolina.appelt [at] amu.edu.plspis publikacji i aktywno\u015bci, dy\u017curywi\u0119cej informacji: https:\/\/orcid.org\/0000-0003-3106-8959 Bakiera Lucyna,prof. UAM dr hab e-mail: lucyna.bakiera [at] amu.edu.plspis publikacji i aktywno\u015bci, dy\u017curywi\u0119cej informacji: https:\/\/orcid.org\/0000-0003-4559-0430 Br\u0119\u0144ski Szymon, dr e-mail: szymon.brenski [at] amu.edu.plspis publikacji i aktywno\u015bci, dy\u017curywi\u0119cej informacji: https:\/\/orcid.org\/0000-0002-2530-804X Brzezi\u0144ska Anna Izabela, prof. dr hab. e-mail: anna.brzezinska [at] amu.edu.plspis publikacji i aktywno\u015bci, dy\u017curywi\u0119cej [&hellip;]<\/p>\n","protected":false},"author":1,"featured_media":0,"parent":0,"menu_order":8,"comment_status":"closed","ping_status":"closed","template":"","meta":[],"_links":{"self":[{"href":"http:\/\/labriu-rozwoj.home.amu.edu.pl\/index.php?rest_route=\/wp\/v2\/pages\/343"}],"collection":[{"href":"http:\/\/labriu-rozwoj.home.amu.edu.pl\/index.php?rest_route=\/wp\/v2\/pages"}],"about":[{"href":"http:\/\/labriu-rozwoj.home.amu.edu.pl\/index.php?rest_route=\/wp\/v2\/types\/page"}],"author":[{"embeddable":true,"href":"http:\/\/labriu-rozwoj.home.amu.edu.pl\/index.php?rest_route=\/wp\/v2\/users\/1"}],"replies":[{"embeddable":true,"href":"http:\/\/labriu-rozwoj.home.amu.edu.pl\/index.php?rest_route=%2Fwp%2Fv2%2Fcomments&post=343"}],"version-history":[{"count":73,"href":"http:\/\/labriu-rozwoj.home.amu.edu.pl\/index.php?rest_route=\/wp\/v2\/pages\/343\/revisions"}],"predecessor-version":[{"id":491,"href":"http:\/\/labriu-rozwoj.home.amu.edu.pl\/index.php?rest_route=\/wp\/v2\/pages\/343\/revisions\/491"}],"wp:attachment":[{"href":"http:\/\/labriu-rozwoj.home.amu.edu.pl\/index.php?rest_route=%2Fwp%2Fv2%2Fmedia&parent=343"}],"curies":[{"name":"wp","href":"https:\/\/api.w.org\/{rel}","templated":true}]}}