{"id":23,"date":"2020-01-10T22:05:15","date_gmt":"2020-01-10T21:05:15","guid":{"rendered":"http:\/\/labriu-rozwoj.home.amu.edu.pl\/?page_id=23"},"modified":"2020-02-21T20:48:01","modified_gmt":"2020-02-21T19:48:01","slug":"labriu","status":"publish","type":"page","link":"http:\/\/labriu-rozwoj.home.amu.edu.pl\/?page_id=23","title":{"rendered":"Laboratorium"},"content":{"rendered":"<p>Laboratorium Badania Rozwoju i Uczenia powsta\u0142o w 2014 r. Kierownikiem Laboratorium jest prof. UAM dr hab. B\u0142a\u017cej Smykowski, a funkcj\u0119 opiekuna LaBRiU pe\u0142ni dr Ma\u0142gorzata R\u0119kosiewicz. G\u0142\u00f3wny obszar bada\u0144 to zwi\u0105zki mi\u0119dzy procesami dojrzewania organizmu zachodz\u0105cymi spontanicznie, a procesami uczenia si\u0119 od innych.\u00a0<\/p>\n\n\n<p><a href=\"http:\/\/labriu.home.amu.edu.pl\/\">Zapraszamy na stron\u0119 Laboratorium<\/a><\/p>\n","protected":false},"excerpt":{"rendered":"<p>Laboratorium Badania Rozwoju i Uczenia powsta\u0142o w 2014 r. Kierownikiem Laboratorium jest prof. UAM dr hab. B\u0142a\u017cej Smykowski, a funkcj\u0119 opiekuna LaBRiU pe\u0142ni dr Ma\u0142gorzata R\u0119kosiewicz. G\u0142\u00f3wny obszar bada\u0144 to zwi\u0105zki mi\u0119dzy procesami dojrzewania organizmu zachodz\u0105cymi spontanicznie, a procesami uczenia si\u0119 od innych.\u00a0 Zapraszamy na stron\u0119 Laboratorium<\/p>\n","protected":false},"author":1,"featured_media":0,"parent":0,"menu_order":10,"comment_status":"closed","ping_status":"closed","template":"","meta":[],"_links":{"self":[{"href":"http:\/\/labriu-rozwoj.home.amu.edu.pl\/index.php?rest_route=\/wp\/v2\/pages\/23"}],"collection":[{"href":"http:\/\/labriu-rozwoj.home.amu.edu.pl\/index.php?rest_route=\/wp\/v2\/pages"}],"about":[{"href":"http:\/\/labriu-rozwoj.home.amu.edu.pl\/index.php?rest_route=\/wp\/v2\/types\/page"}],"author":[{"embeddable":true,"href":"http:\/\/labriu-rozwoj.home.amu.edu.pl\/index.php?rest_route=\/wp\/v2\/users\/1"}],"replies":[{"embeddable":true,"href":"http:\/\/labriu-rozwoj.home.amu.edu.pl\/index.php?rest_route=%2Fwp%2Fv2%2Fcomments&post=23"}],"version-history":[{"count":5,"href":"http:\/\/labriu-rozwoj.home.amu.edu.pl\/index.php?rest_route=\/wp\/v2\/pages\/23\/revisions"}],"predecessor-version":[{"id":178,"href":"http:\/\/labriu-rozwoj.home.amu.edu.pl\/index.php?rest_route=\/wp\/v2\/pages\/23\/revisions\/178"}],"wp:attachment":[{"href":"http:\/\/labriu-rozwoj.home.amu.edu.pl\/index.php?rest_route=%2Fwp%2Fv2%2Fmedia&parent=23"}],"curies":[{"name":"wp","href":"https:\/\/api.w.org\/{rel}","templated":true}]}}